{"id":5655,"date":"2023-11-27T11:44:13","date_gmt":"2023-11-27T11:44:13","guid":{"rendered":"https:\/\/betinplomberie.com\/?page_id=5655"},"modified":"2023-11-27T11:47:42","modified_gmt":"2023-11-27T11:47:42","slug":"test","status":"publish","type":"page","link":"https:\/\/betinplomberie.com\/index.php\/test\/","title":{"rendered":"TEST"},"content":{"rendered":"<p>[et_pb_section fb_built=\u00a0\u00bb1&Prime; _builder_version=\u00a0\u00bb4.23.1&Prime; _module_preset=\u00a0\u00bbdefault\u00a0\u00bb global_colors_info=\u00a0\u00bb{}\u00a0\u00bb][et_pb_row _builder_version=\u00a0\u00bb4.23.1&Prime; _module_preset=\u00a0\u00bbdefault\u00a0\u00bb global_colors_info=\u00a0\u00bb{}\u00a0\u00bb][et_pb_column type=\u00a0\u00bb4_4&Prime; _builder_version=\u00a0\u00bb4.23.1&Prime; _module_preset=\u00a0\u00bbdefault\u00a0\u00bb global_colors_info=\u00a0\u00bb{}\u00a0\u00bb][dsm_contact_form_7 _builder_version=\u00a0\u00bb4.23.1&Prime; _module_preset=\u00a0\u00bbdefault\u00a0\u00bb hover_enabled=\u00a0\u00bb0&Prime; global_colors_info=\u00a0\u00bb{}\u00a0\u00bb cf7_library=\u00a0\u00bb5658&Prime; sticky_enabled=\u00a0\u00bb0&Prime;][\/dsm_contact_form_7][\/et_pb_column][\/et_pb_row][\/et_pb_section]<\/p>\n","protected":false},"excerpt":{"rendered":"<div class=\"et_pb_module dsm_contact_form_7 dsm_contact_form_7_0\">\n\t\t\t\t\n\t\t\t\t\n\t\t\t\t\n\t\t\t\t\n\t\t\t\t\n\t\t\t\t\n\t\t\t\t<div class=\"et_pb_module_inner\">\n\t\t\t\t\t<div class=\"\">\n\t\t\t\t<p class=\"wpcf7-contact-form-not-found\"><strong>Erreur\u00a0:<\/strong> Formulaire de contact non trouv\u00e9\u00a0!<\/p>\n\t\t\t<\/div>\n\t\t\t\t<\/div>\n\t\t\t<\/div>\n","protected":false},"author":2,"featured_media":0,"parent":0,"menu_order":0,"comment_status":"closed","ping_status":"closed","template":"","meta":{"_et_pb_use_builder":"on","_et_pb_old_content":"","_et_gb_content_width":"","footnotes":""},"class_list":["post-5655","page","type-page","status-publish","hentry"],"yoast_head":"<!-- This site is optimized with the Yoast SEO plugin v26.4 - https:\/\/yoast.com\/wordpress\/plugins\/seo\/ -->\n<title>TEST - BETIN PLOMBERIE: Plomberie Chauffage Ventilation Foug\u00e8res, Javen\u00e9, Vitr\u00e9<\/title>\n<meta name=\"robots\" content=\"index, follow, max-snippet:-1, max-image-preview:large, max-video-preview:-1\" \/>\n<link rel=\"canonical\" href=\"https:\/\/betinplomberie.com\/index.php\/test\/\" \/>\n<meta property=\"og:locale\" content=\"fr_FR\" \/>\n<meta property=\"og:type\" content=\"article\" \/>\n<meta property=\"og:title\" content=\"TEST - BETIN PLOMBERIE: Plomberie Chauffage Ventilation Foug\u00e8res, Javen\u00e9, Vitr\u00e9\" \/>\n<meta property=\"og:url\" content=\"https:\/\/betinplomberie.com\/index.php\/test\/\" \/>\n<meta property=\"og:site_name\" content=\"BETIN PLOMBERIE: Plomberie Chauffage Ventilation Foug\u00e8res, Javen\u00e9, Vitr\u00e9\" \/>\n<meta property=\"article:publisher\" content=\"https:\/\/www.facebook.com\/profile.php?id=100063788070599\" \/>\n<meta property=\"article:modified_time\" content=\"2023-11-27T11:47:42+00:00\" \/>\n<meta property=\"og:image\" content=\"https:\/\/betinplomberie.com\/wp-content\/uploads\/2021\/12\/logoWP_5dc0ad124bef29428f48d2301f21479e.png\" \/>\n\t<meta property=\"og:image:width\" content=\"280\" \/>\n\t<meta property=\"og:image:height\" content=\"131\" \/>\n\t<meta property=\"og:image:type\" content=\"image\/png\" \/>\n<meta name=\"twitter:card\" content=\"summary_large_image\" \/>\n<meta name=\"twitter:description\" content=\"[dsm_contact_form_7 _builder_version=&quot;4.23.1&quot; _module_preset=&quot;default&quot; hover_enabled=&quot;0&quot; global_colors_info=&quot;{}&quot; cf7_library=&quot;5658&quot; sticky_enabled=&quot;0&quot;][\/dsm_contact_form_7]\" \/>\n<script type=\"application\/ld+json\" class=\"yoast-schema-graph\">{\"@context\":\"https:\/\/schema.org\",\"@graph\":[{\"@type\":\"WebPage\",\"@id\":\"https:\/\/betinplomberie.com\/index.php\/test\/\",\"url\":\"https:\/\/betinplomberie.com\/index.php\/test\/\",\"name\":\"TEST - BETIN PLOMBERIE: Plomberie Chauffage Ventilation Foug\u00e8res, Javen\u00e9, Vitr\u00e9\",\"isPartOf\":{\"@id\":\"https:\/\/ivory-badger-972429.hostingersite.com\/#website\"},\"datePublished\":\"2023-11-27T11:44:13+00:00\",\"dateModified\":\"2023-11-27T11:47:42+00:00\",\"breadcrumb\":{\"@id\":\"https:\/\/betinplomberie.com\/index.php\/test\/#breadcrumb\"},\"inLanguage\":\"fr-FR\",\"potentialAction\":[{\"@type\":\"ReadAction\",\"target\":[\"https:\/\/betinplomberie.com\/index.php\/test\/\"]}]},{\"@type\":\"BreadcrumbList\",\"@id\":\"https:\/\/betinplomberie.com\/index.php\/test\/#breadcrumb\",\"itemListElement\":[{\"@type\":\"ListItem\",\"position\":1,\"name\":\"Accueil\",\"item\":\"https:\/\/betinplomberie.com\/\"},{\"@type\":\"ListItem\",\"position\":2,\"name\":\"TEST\"}]},{\"@type\":\"WebSite\",\"@id\":\"https:\/\/ivory-badger-972429.hostingersite.com\/#website\",\"url\":\"https:\/\/ivory-badger-972429.hostingersite.com\/\",\"name\":\"BETIN PLOMBERIE: Plomberie Chauffage Ventilation Foug\u00e8res, Javen\u00e9, Vitr\u00e9\",\"description\":\"Plomberie chauffage Ventilation , neuf et r\u00e9novation  \u00e0 Foug\u00e8res Javen\u00e9\",\"publisher\":{\"@id\":\"https:\/\/ivory-badger-972429.hostingersite.com\/#organization\"},\"potentialAction\":[{\"@type\":\"SearchAction\",\"target\":{\"@type\":\"EntryPoint\",\"urlTemplate\":\"https:\/\/ivory-badger-972429.hostingersite.com\/?s={search_term_string}\"},\"query-input\":{\"@type\":\"PropertyValueSpecification\",\"valueRequired\":true,\"valueName\":\"search_term_string\"}}],\"inLanguage\":\"fr-FR\"},{\"@type\":\"Organization\",\"@id\":\"https:\/\/ivory-badger-972429.hostingersite.com\/#organization\",\"name\":\"BETIN PLOMBERIE: Plomberie Chauffage Ventilation Foug\u00e8res, Javen\u00e9, Vitr\u00e9\",\"url\":\"https:\/\/ivory-badger-972429.hostingersite.com\/\",\"logo\":{\"@type\":\"ImageObject\",\"inLanguage\":\"fr-FR\",\"@id\":\"https:\/\/ivory-badger-972429.hostingersite.com\/#\/schema\/logo\/image\/\",\"url\":\"https:\/\/betinplomberie.com\/wp-content\/uploads\/2023\/11\/Betin-Plomberie-Picto.png\",\"contentUrl\":\"https:\/\/betinplomberie.com\/wp-content\/uploads\/2023\/11\/Betin-Plomberie-Picto.png\",\"width\":708,\"height\":708,\"caption\":\"BETIN PLOMBERIE: Plomberie Chauffage Ventilation Foug\u00e8res, Javen\u00e9, Vitr\u00e9\"},\"image\":{\"@id\":\"https:\/\/ivory-badger-972429.hostingersite.com\/#\/schema\/logo\/image\/\"},\"sameAs\":[\"https:\/\/www.facebook.com\/profile.php?id=100063788070599\"]}]}<\/script>\n<!-- \/ Yoast SEO plugin. -->","yoast_head_json":{"title":"TEST - BETIN PLOMBERIE: Plomberie Chauffage Ventilation Foug\u00e8res, Javen\u00e9, Vitr\u00e9","robots":{"index":"index","follow":"follow","max-snippet":"max-snippet:-1","max-image-preview":"max-image-preview:large","max-video-preview":"max-video-preview:-1"},"canonical":"https:\/\/betinplomberie.com\/index.php\/test\/","og_locale":"fr_FR","og_type":"article","og_title":"TEST - BETIN PLOMBERIE: Plomberie Chauffage Ventilation Foug\u00e8res, Javen\u00e9, Vitr\u00e9","og_url":"https:\/\/betinplomberie.com\/index.php\/test\/","og_site_name":"BETIN PLOMBERIE: Plomberie Chauffage Ventilation Foug\u00e8res, Javen\u00e9, Vitr\u00e9","article_publisher":"https:\/\/www.facebook.com\/profile.php?id=100063788070599","article_modified_time":"2023-11-27T11:47:42+00:00","og_image":[{"width":280,"height":131,"url":"https:\/\/betinplomberie.com\/wp-content\/uploads\/2021\/12\/logoWP_5dc0ad124bef29428f48d2301f21479e.png","type":"image\/png"}],"twitter_card":"summary_large_image","twitter_description":"[dsm_contact_form_7 _builder_version=\"4.23.1\" _module_preset=\"default\" hover_enabled=\"0\" global_colors_info=\"{}\" cf7_library=\"5658\" sticky_enabled=\"0\"][\/dsm_contact_form_7]","schema":{"@context":"https:\/\/schema.org","@graph":[{"@type":"WebPage","@id":"https:\/\/betinplomberie.com\/index.php\/test\/","url":"https:\/\/betinplomberie.com\/index.php\/test\/","name":"TEST - BETIN PLOMBERIE: Plomberie Chauffage Ventilation Foug\u00e8res, Javen\u00e9, Vitr\u00e9","isPartOf":{"@id":"https:\/\/ivory-badger-972429.hostingersite.com\/#website"},"datePublished":"2023-11-27T11:44:13+00:00","dateModified":"2023-11-27T11:47:42+00:00","breadcrumb":{"@id":"https:\/\/betinplomberie.com\/index.php\/test\/#breadcrumb"},"inLanguage":"fr-FR","potentialAction":[{"@type":"ReadAction","target":["https:\/\/betinplomberie.com\/index.php\/test\/"]}]},{"@type":"BreadcrumbList","@id":"https:\/\/betinplomberie.com\/index.php\/test\/#breadcrumb","itemListElement":[{"@type":"ListItem","position":1,"name":"Accueil","item":"https:\/\/betinplomberie.com\/"},{"@type":"ListItem","position":2,"name":"TEST"}]},{"@type":"WebSite","@id":"https:\/\/ivory-badger-972429.hostingersite.com\/#website","url":"https:\/\/ivory-badger-972429.hostingersite.com\/","name":"BETIN PLOMBERIE: Plomberie Chauffage Ventilation Foug\u00e8res, Javen\u00e9, Vitr\u00e9","description":"Plomberie chauffage Ventilation , neuf et r\u00e9novation  \u00e0 Foug\u00e8res Javen\u00e9","publisher":{"@id":"https:\/\/ivory-badger-972429.hostingersite.com\/#organization"},"potentialAction":[{"@type":"SearchAction","target":{"@type":"EntryPoint","urlTemplate":"https:\/\/ivory-badger-972429.hostingersite.com\/?s={search_term_string}"},"query-input":{"@type":"PropertyValueSpecification","valueRequired":true,"valueName":"search_term_string"}}],"inLanguage":"fr-FR"},{"@type":"Organization","@id":"https:\/\/ivory-badger-972429.hostingersite.com\/#organization","name":"BETIN PLOMBERIE: Plomberie Chauffage Ventilation Foug\u00e8res, Javen\u00e9, Vitr\u00e9","url":"https:\/\/ivory-badger-972429.hostingersite.com\/","logo":{"@type":"ImageObject","inLanguage":"fr-FR","@id":"https:\/\/ivory-badger-972429.hostingersite.com\/#\/schema\/logo\/image\/","url":"https:\/\/betinplomberie.com\/wp-content\/uploads\/2023\/11\/Betin-Plomberie-Picto.png","contentUrl":"https:\/\/betinplomberie.com\/wp-content\/uploads\/2023\/11\/Betin-Plomberie-Picto.png","width":708,"height":708,"caption":"BETIN PLOMBERIE: Plomberie Chauffage Ventilation Foug\u00e8res, Javen\u00e9, Vitr\u00e9"},"image":{"@id":"https:\/\/ivory-badger-972429.hostingersite.com\/#\/schema\/logo\/image\/"},"sameAs":["https:\/\/www.facebook.com\/profile.php?id=100063788070599"]}]}},"_links":{"self":[{"href":"https:\/\/betinplomberie.com\/index.php\/wp-json\/wp\/v2\/pages\/5655","targetHints":{"allow":["GET"]}}],"collection":[{"href":"https:\/\/betinplomberie.com\/index.php\/wp-json\/wp\/v2\/pages"}],"about":[{"href":"https:\/\/betinplomberie.com\/index.php\/wp-json\/wp\/v2\/types\/page"}],"author":[{"embeddable":true,"href":"https:\/\/betinplomberie.com\/index.php\/wp-json\/wp\/v2\/users\/2"}],"replies":[{"embeddable":true,"href":"https:\/\/betinplomberie.com\/index.php\/wp-json\/wp\/v2\/comments?post=5655"}],"version-history":[{"count":3,"href":"https:\/\/betinplomberie.com\/index.php\/wp-json\/wp\/v2\/pages\/5655\/revisions"}],"predecessor-version":[{"id":5659,"href":"https:\/\/betinplomberie.com\/index.php\/wp-json\/wp\/v2\/pages\/5655\/revisions\/5659"}],"wp:attachment":[{"href":"https:\/\/betinplomberie.com\/index.php\/wp-json\/wp\/v2\/media?parent=5655"}],"curies":[{"name":"wp","href":"https:\/\/api.w.org\/{rel}","templated":true}]}}